{"id":26,"date":"2018-11-28T02:33:21","date_gmt":"2018-11-28T01:33:21","guid":{"rendered":"https:\/\/plusbk-architektur.de\/de\/?page_id=26"},"modified":"2018-11-29T16:32:39","modified_gmt":"2018-11-29T15:32:39","slug":"profil","status":"publish","type":"page","link":"https:\/\/plusbk-architektur.de\/de\/profil\/","title":{"rendered":"Profil"},"content":{"rendered":"<p><strong>+BK ARCHITEKTUR<\/strong> ist ein B\u00fcro f\u00fcr Architektur, St\u00e4dtebau und Gestaltung, das 2006 gegr\u00fcndet wurde. Wir sind ein interdisziplin\u00e4res <strong>Team von Fachleuten<\/strong>, bestehend aus Architekten, Gestaltern und Technikern.<\/p>\n<p>Dar\u00fcber hinaus arbeiten wir mit einem eingespielten Team erfahrener Fachplaner zusammen. Durch erfolgreiche gemeinsame Projektarbeit k\u00f6nnen wir auf ein Netzwerk erfahrener Fachplaner, Generalunternehmer und ausf\u00fchrender Fachfirmen zur\u00fcckgreifen.<\/p>\n<p>Die <strong>Entwicklung von Architektur im st\u00e4dtebaulichen Kontext<\/strong>, die Interpretation und Einbindung von vorgefundenen baulichen Gegebenheiten, die Freude am sinnlichen Umgang mit Raum und Material, die sinnvolle Anwendung neuerster Technik sowie der umsichtige Einsatz vorhandener Resourcen jeder Art bilden den Fokus unserer Entw\u00fcrfe.<\/p>\n<p>Wir realisieren <strong>individuelle und nachhaltige L\u00f6sungen<\/strong> f\u00fcr eine gro\u00dfe Bandbreite unterschiedlicher Aufgaben, Wohn- und Arbeitswelten, R\u00e4ume zum Wohlf\u00fchlen, zur Inspiration und zur individuellen, pers\u00f6nlichen Repr\u00e4sentation.<\/p>\n<p>In einem intensiven Beratungs- und Entscheidungsprozess mit unseren Kunden finden wir unkonventionelle und nachhaltige Antworten f\u00fcr jede Aufgabe und begleiten deren Ausf\u00fchrung bis ins kleinste Detail.<\/p>\n<p>Unser Anspruch ist es, eine <strong>innovative, \u00e4sthetische und funktionale Architektur<\/strong> zu schaffen. Dabei bilden unsere breit gef\u00e4cherten Kompetenz und Erfahrungen die Grundlage f\u00fcr die Entwicklung individueller Projekte. Wesentliche Zielsetzung unserer Arbeit ist die optimale Erf\u00fcllung von Funktion und inhaltlichen Vorgaben mit einer <strong>zeitgem\u00e4\u00dfen, \u00e4sthetischen Formgebung<\/strong>. Durch eine intensive Auseinandersetzung mit der jeweiligen Bauaufgabe werden technisch fortschrittliche und wirtschaftliche L\u00f6sungen unter Einhaltung von Budgets und Terminen erarbeitet.<\/p>\n","protected":false},"excerpt":{"rendered":"<p>+BK ARCHITEKTUR ist ein B\u00fcro f\u00fcr Architektur, St\u00e4dtebau und Gestaltung, das 2006 gegr\u00fcndet wurde. Wir sind ein interdisziplin\u00e4res Team von Fachleuten, bestehend aus Architekten, Gestaltern und Technikern. Dar\u00fcber hinaus arbeiten wir mit einem eingespielten Team erfahrener Fachplaner zusammen. Durch erfolgreiche gemeinsame Projektarbeit k\u00f6nnen wir auf ein Netzwerk erfahrener Fachplaner, Generalunternehmer und ausf\u00fchrender Fachfirmen zur\u00fcckgreifen. Die [&hellip;]<\/p>\n","protected":false},"author":1,"featured_media":0,"parent":0,"menu_order":0,"comment_status":"open","ping_status":"open","template":"page_profil.php","meta":{"footnotes":""},"_links":{"self":[{"href":"https:\/\/plusbk-architektur.de\/de\/wp-json\/wp\/v2\/pages\/26"}],"collection":[{"href":"https:\/\/plusbk-architektur.de\/de\/wp-json\/wp\/v2\/pages"}],"about":[{"href":"https:\/\/plusbk-architektur.de\/de\/wp-json\/wp\/v2\/types\/page"}],"author":[{"embeddable":true,"href":"https:\/\/plusbk-architektur.de\/de\/wp-json\/wp\/v2\/users\/1"}],"replies":[{"embeddable":true,"href":"https:\/\/plusbk-architektur.de\/de\/wp-json\/wp\/v2\/comments?post=26"}],"version-history":[{"count":0,"href":"https:\/\/plusbk-architektur.de\/de\/wp-json\/wp\/v2\/pages\/26\/revisions"}],"wp:attachment":[{"href":"https:\/\/plusbk-architektur.de\/de\/wp-json\/wp\/v2\/media?parent=26"}],"curies":[{"name":"wp","href":"https:\/\/api.w.org\/{rel}","templated":true}]}}