{"id":414,"date":"2018-11-28T16:27:38","date_gmt":"2018-11-28T15:27:38","guid":{"rendered":"https:\/\/plusbk-architektur.de\/de\/?page_id=414"},"modified":"2019-03-28T17:33:32","modified_gmt":"2019-03-28T16:33:32","slug":"datenschutz","status":"publish","type":"page","link":"https:\/\/plusbk-architektur.de\/de\/kontakt\/datenschutz\/","title":{"rendered":"Datenschutzerkl\u00e4rung"},"content":{"rendered":"<h3>Allgemeines<\/h3>\n<p>Die folgenden Datenschutzhinweise kl\u00e4ren Sie \u00fcber die Erhebung und Verarbeitung Ihrer personenbezogenen Daten bei der Nutzung dieser Website auf. Diese Datenschutzhinweise gehen dabei auch auf die Erhebung und Verarbeitung Ihrer Daten auf externen Websites oder Onlinediensten ein, die mit dieser Website verbunden sind (z.B. unsere Social Media-Seiten). Die Definitionen und Beschreibungen der Datenerhebung und -verarbeitung sowie des jeweils f\u00fcr diese Datenerhebung oder -verarbeitung Verantwortlichen entsprechen den Definition in Art. 4 der Datenschutzgrundverordnung (DSGVO) mit Stand vom 25.05.2018.<\/p>\n<h3>Personenbezogene Daten<\/h3>\n<p>Unter &#8222;Personenbezogenen Daten&#8220; versteht man grunds\u00e4tzlich all jene Informationen, die dazu genutzt werden k\u00f6nnen, R\u00fcckschl\u00fcsse auf eine nat\u00fcrliche Person zu ziehen oder eine nat\u00fcrliche Person zu identifizieren. Dabei wird eine nat\u00fcrliche Person dann als identifizierbar angesehen, wenn sie mithilfe einer Kennung (z.B. eines Namens), einer Nummer, eines spezifischen Standortes einer Online-Markierung (z.B. ein Cookie) oder anderer besonderer Merkmale (z.B. physische, psychologische, genetische, wirtschaftliche, kulturelle oder soziale Merkmale) eindeutig identifiziert werden kann.<\/p>\n<h3>Verantwortlichkeit f\u00fcr den Datenschutz<\/h3>\n<p>Die f\u00fcr die Datenerhebung und Datenverarbeitung auf dieser Website datenschutzrechtlich verantwortliche Stelle ist die<\/p>\n<p>Architektin Dipl. Ing. Beate Kalus<br \/>\n+BK ARCHITEKTUR<br \/>\nB\u00dcLOWSTRASSE 66 | HOF B<br \/>\n10783\u00a0BERLIN<br \/>\nTel | +49 30 715 779 77<br \/>\nMail | mail@plusbk-architektur.de<\/p>\n<p>(im Folgenden kurz &#8222;ich&#8220; oder &#8222;die Betreiberin&#8220;)<\/p>\n<p>F\u00fcr manche der weiter unten genannten Datenverarbeitungen sind neben dem Betreiber dieser Website auch meine jeweiligen Kooperationspartner datenschutzrechtlich mitverantwortlich. Sie k\u00f6nnen daher manche Rechte auch direkt gegen\u00fcber dem jeweiligen Kooperationspartner aus\u00fcben. Entsprechende Informationen dazu finden Sie an der entsprechenden Stelle dieser Datenschutzerkl\u00e4rung.<\/p>\n<h3>Web-Hoster<\/h3>\n<p>Unsere Website wird auf Serversystemen der Strato AG, Pascalstra\u00dfe 10, 10587 Berlin betrieben. Strato betreibt zwei Rechenzentren mit Standort in Deutschland. Das Unternehmen ist nach DIN ISO 9001 und DIN ISO 27001 zertifiziert. Das ISO 27001 Zertifikat weist ein ad\u00e4quates Sicherheitsmanagement, die Sicherheit der Daten, die Vertraulichkeit der Informationen und die Verf\u00fcgbarkeit der IT-Systeme nach. Im Rahmen unserer Zusammenarbeit geben wir keine personenbezogenen Daten \u00fcber Ihren Besuch auf unserer Website direkt an Strato weiter. Es kann jedoch vorkommen, dass Strato, z.B. im Rahmen von Wartungsarbeiten, zumindest potenziell Zugriff auf personenbezogene Daten erlangt. Durch entsprechende Datenschutzvereinbarungen ist auch in einem solchen Fall der Schutz Ihrer personenbezogenen Daten sichergestellt.<\/p>\n<h3>Datenerhebung bei der Nutzung von Kontakt- oder Registrierungsfunktionen unserer Website<\/h3>\n<p><strong>Kontaktaufnahme<\/strong><\/p>\n<p>Wenn Sie mit mir Kontakt aufnehmen m\u00f6chten, k\u00f6nnen Sie hierf\u00fcr die Kontaktlinks auf dieser Website nutzen. Wenn Sie dies tun, \u00f6ffnet sich das E-Mail-Programm, das Sie auf Ihrem Computer als Standardprogramm f\u00fcr E-Mails eingerichtet haben. Eine direkte Kommunikation \u00fcber diese Website findet nicht statt. Ihre Daten werden im Falle einer Kontaktaufnahme ggf. in einem CRM (Customer Relationship Management System) oder einem anderen Softwaresystem gespeichert. Sobald Ihre Anfragedaten zur Auftrags- oder Vertragserf\u00fcllung nicht mehr erforderlich sind, werden sie gel\u00f6scht, sofern keine anderen rechtlichen Vorgaben die dar\u00fcber hinausgehende Aufbewahrung Ihrer Daten erfordern.<\/p>\n<h3>Automatische Datenerhebung w\u00e4hrend der Nutzung dieser Website<\/h3>\n<p><strong>Technisch erforderliche Daten<\/strong><\/p>\n<p>Wenn Sie auf diese Website zugreifen, werden durch die Betreiberin und\/oder den Web Hoster automatisch Informationen allgemeiner Natur erfasst. Die Erfassung und Verarbeitung dieser Daten erfolgt auf Grundlage unseres berechtigten Interesses im Sinne des Art. 6 Abs. 1 lit. f. DSGVO. Zu den erfassten Informationen (so genannte Server-Logfiles) geh\u00f6ren die Art Ihres Webbrowsers, das verwendete Betriebssystem, der Domainname Ihres Internet Service Providers, die IP-Adresse, die Zeit und Dauer des Zugriffs, die angeforderten Seiten, die \u00fcbertragene Datenmenge und die Referrer URL der zuvor besuchten Website. Hierbei handelt es sich ausschlie\u00dflich um Informationen, die nicht genutzt werden, um R\u00fcckschl\u00fcsse auf Ihre Person zu ziehen. Diese Informationen sind technisch notwendig, um von Ihnen angeforderte Inhalte von Webseiten korrekt auszuliefern und fallen bei Nutzung des Internets zwingend an. Anonymisierte Informationen dieser Art werden von der Betreiberin ggf. statistisch ausgewertet, um diesen Internetauftritt und die dahinterstehende Technik zu optimieren. Zweck der Verarbeitung dieser Informationen sind die Zurverf\u00fcgungstellung des Onlineangebotes einschlie\u00dflich seiner Funktionen und Inhalte, die Reichweitenmessung des Angebotes, die Beantwortung von Anfragen und die Kommunikation mit Ihnen.<\/p>\n<p><strong>Cookies<\/strong><\/p>\n<p>Wie viele andere Webseiten verwenden wir sogenannte \u201eCookies\u201c. Cookies sind kleine Textdateien, die von einem Webserver auf Ihren Computer \u00fcbertragen werden. Auf diese Weise erh\u00e4lt die Betreiberin automatisch bestimmte Daten wie z. B. IP-Adresse, verwendeter Browser, Betriebssystem \u00fcber Ihren Computer und Ihre Verbindung zum Internet. Tempor\u00e4re Cookies bzw. so genannte &#8222;Session Cookies&#8220; beinhalten Informationen, die sich auf den aktuellen Besuch dieser Website beziehen. Tempor\u00e4re Cookies werden nach Beendigung Ihres Besuches auf dieser Website bzw. beim schlie\u00dfen Ihres Browsers gel\u00f6scht. Permanente Cookies werden von dieser Website nicht gesetzt.<\/p>\n<p>Sofern wir auf unserer Website Dienste von Drittanbietern zur Verf\u00fcgung stellen oder nutzen, speichern auch diese Drittanbieter Cookies auf Ihrem Computer. Welche Dienste von Drittanbietern auf dieser Website genutzt werden, wird im weiteren Verlauf dieser Datenschutzerkl\u00e4rung erl\u00e4utert.<\/p>\n<p>Cookies k\u00f6nnen nicht verwendet werden, um Programme zu starten oder Viren auf einen Computer zu \u00fcbertragen. Anhand der in Cookies enthaltenen Informationen kann die Betreiberin die korrekte Anzeige dieser Webseiten erm\u00f6glichen. In keinem Fall werden die von der Betreiberin verarbeiteten Daten an Dritte weitergegeben oder ohne Ihre Einwilligung eine Verkn\u00fcpfung mit personenbezogenen Daten hergestellt. Nat\u00fcrlich k\u00f6nnen Sie diese Website grunds\u00e4tzlich auch ohne Cookies betrachten. Internet-Browser sind in der Regel so eingestellt, dass sie Cookies akzeptieren. Sie k\u00f6nnen die Verwendung von Cookies jederzeit \u00fcber die Einstellungen Ihres Browsers deaktivieren. Au\u00dferdem haben Sie die M\u00f6glichkeit, bereits gespeicherte Cookies von Ihrem Computer zu l\u00f6schen. Bitte verwenden Sie die Hilfefunktionen Ihres Internetbrowsers, um zu erfahren, wie Sie Ihre Cookie-Einstellungen \u00e4ndern oder bereits gespeicherte Cookies l\u00f6schen k\u00f6nnen. Wenn Sie einen generellen Widerspruch gegen den Einsatz von Cookies zu Marketingzwecken geltend machen m\u00f6chten, k\u00f6nnen Sie dies bei verschiedenen Online-Dienstleistern tun \u2013 zum Beispiel bei <a href=\"http:\/\/www.aboutads.info\/choices\/\" target=\"_blank\">http:\/\/www.aboutads.info\/choices<\/a> in den USA oder <a href=\"http:\/\/www.youronlinechoices.com\" target=\"_blank\">http:\/\/www.youronlinechoices.com<\/a> in der EU.<\/p>\n<p>Bitte beachten Sie, dass einzelne Funktionen unserer Website m\u00f6glicherweise nicht funktionieren, wenn Sie die Verwendung von Cookies deaktiviert haben.<\/p>\n<h3>Analyse- &amp; Marketingdienste<\/h3>\n<p>Mithilfe der folgenden Analyse- &amp; Marketingdienste m\u00f6chten wir Ihr Verhalten auf unserer Website nachvollziehen, um unseren Service zu verbessern und\/oder Ihnen interessenbasierte Angebote einzublenden. Sie k\u00f6nnen der Datenverarbeitung wie in den folgenden Abschnitten beschrieben widersprechen.<\/p>\n<p><strong>Google Analytics<\/strong><\/p>\n<p>Diese Website benutzt Google Analytics (Google Inc.). Google Analytics verwendet sogenannte \u201eCookies\u201c, Textdateien, die auf Ihrem Computer gespeichert werden und die eine Analyse der Benutzung der Webseite durch Sie erm\u00f6glichen. Die durch den Cookie erzeugten Informationen \u00fcber Ihre Benutzung dieser Webseite werden in der Regel an einen Server von Google in den USA \u00fcbertragen und dort gespeichert. Aufgrund der Aktivierung der IP-Anonymisierung auf dieser Website wird Ihre IP-Adresse von Google jedoch innerhalb von Mitgliedstaaten der Europ\u00e4ischen Union oder in anderen Vertragsstaaten des Abkommens \u00fcber den Europ\u00e4ischen Wirtschaftsraum zuvor gek\u00fcrzt. Nur in Ausnahmef\u00e4llen wird die volle IP-Adresse an einen Server von Google in den USA \u00fcbertragen und dort gek\u00fcrzt.<\/p>\n<p>Im Auftrag der Betreiberin dieser Website wird Google diese Informationen benutzen, um Ihre Nutzung der Webseite auszuwerten, um Reports \u00fcber die Webseitenaktivit\u00e4ten zusammenzustellen und um weitere mit der Webseitennutzung und der Internetnutzung verbundene Dienstleistungen gegen\u00fcber dem Webseitenbetreiber zu erbringen. Die im Rahmen von Google Analytics von Ihrem Browser \u00fcbermittelte IP-Adresse wird nicht mit anderen Daten von Google zusammengef\u00fchrt.<\/p>\n<p>Sie k\u00f6nnen die Speicherung der Cookies durch eine entsprechende Einstellung Ihrer Browser-Software verhindern; es wird jedoch darauf hingewiesen, dass Sie in diesem Fall gegebenenfalls nicht s\u00e4mtliche Funktionen dieser Webseite vollumf\u00e4nglich werden nutzen k\u00f6nnen. Sie k\u00f6nnen dar\u00fcber hinaus die Erfassung der durch das Cookie erzeugten und auf Ihre Nutzung der Webseite bezogenen Daten (inkl. Ihrer IP-Adresse) an Google sowie die Verarbeitung dieser Daten durch Google verhindern, indem Sie das unter dem folgenden Link verf\u00fcgbare Browser-Plugin herunterladen und installieren:\u00a0<a href=\"https:\/\/tools.google.com\/dlpage\/gaoptout\" target=\"_blank\" rel=\"noopener\">Browser Add On zur Deaktivierung von Google Analytics<\/a><\/p>\n<p>Zus\u00e4tzlich oder als Alternative zum Browser-Add-On k\u00f6nnen Sie das Tracking durch Google Analytics auf dieser Website unterbinden, indem Sie den Button \u201eGoogle Analytics deaktivieren\u201c anklicken. Dabei wird ein Opt-Out-Cookie auf Ihrem Ger\u00e4t installiert. Damit wird die Erfassung durch Google Analytics f\u00fcr diese Website und f\u00fcr diesen Browser zuk\u00fcnftig verhindert, so lange der Cookie in Ihrem Browser installiert bleibt.<\/p>\n<p><a class=\"button\" href=\"javascript:gaOptout()\">Google Analytics deaktivieren<\/a><\/p>\n<p>Google stellt auf seinen Websites weitere Informationen zur Datennutzung durch Google sowie zu Ihren Einstellungs- und Widerspruchsm\u00f6glichkeiten zur Verf\u00fcgung. Hinweise zur Datennutzung durch Google bei Ihrer Nutzung von Websites oder zur Nutzung von Apps von Google-Partnern finden Sie unter <a href=\"https:\/\/www.google.com\/intl\/de\/policies\/privacy\/partners\" target=\"_blank\">https:\/\/www.google.com\/intl\/de\/policies\/privacy\/partners<\/a>. Hinweise zur Datennutzung zu Werbezwecken finden Sie unter <a href=\"http:\/\/www.google.com\/policies\/technologies\/ads\" target=\"_blank\">http:\/\/www.google.com\/policies\/technologies\/ads<\/a>. Um Ihre Informationen zu verwalten, die Google verwendet, um Werbung einzublenden, besuchen Sie die Seite <a href=\"http:\/\/www.google.de\/settings\/ads\" target=\"_blank\">http:\/\/www.google.de\/settings\/ads<\/a><\/p>\n<h3>Einbindung von Diensten und Inhalten von Drittanbietern<\/h3>\n<p>Auf dieser Website sind ggf. Dienste von Drittanbietern eingebunden \u2013 etwa, um Videos, Karten, Schriften (Web Fonts) oder andere Inhalte darzustellen. Die Bereitstellung dieser Inhalte macht es erforderlich, Ihre IP-Adresse an den jeweiligen Drittanbieter zu \u00fcbermitteln, damit dieser die betreffenden Inhalte korrekt an Ihren Browser ausliefern kann. Die Betreiberin dieser Website ist bem\u00fcht, auf dieser Website so wenige externe Inhalte einzubinden wie m\u00f6glich und nur solche Inhalte einzubinden, deren Anbieter Ihre IP-Adresse lediglich zur Bereitstellung der angeforderten Inhalte verwenden. Es sei jedoch darauf hingewiesen, dass Drittanbieter auch so genannte &#8222;Pixel Tags&#8220; oder &#8222;Web Beacons&#8220; einsetzen k\u00f6nnen, um Informationen wie das Benutzeraufkommen auf besuchten Websites statistisch auszuwerten. Derartige Informationen werden in pseudonymer Form unter Umst\u00e4nden in Cookies auf Ihrem Computer gespeichert. Dies schlie\u00dft Informationen zu Ihrem Browser oder dem Betriebssystem Ihres Computers, Informationen zu verweisenden Websites, Besuchszeiten und -dauer sowie die auf dieser Website besuchten Seiten ein. Diese Daten k\u00f6nnen mit Informationen aus anderen Quellen verbunden werden. Wie Sie die Verwendung von Cookies unterbinden oder bereits auf Ihrem Computer gespeicherte Cookies l\u00f6schen k\u00f6nnen, entnehmen Sie bitte den Hilfe-Informationen Ihres Web-Browsers.<\/p>\n<p>Folgende Dienste bzw. Inhalte von Drittanbietern sind auf unserer Website eingebunden:<\/p>\n<p><strong>Google Services<\/strong><\/p>\n<p>Auf dieser Website sind interaktive Landkarten von Google Maps und webf\u00e4hige Schriftarten von Google Fonts eingebunden. Dies sind Services, die vom Anbieter Google LLC, 1600 Amphitheatre Parkway, Mountain View, CA 94043, USA, zur Verf\u00fcgung gestellt werden. Die Datenschutzerkl\u00e4rung von Google finden Sie unter der Adresse <a href=\"https:\/\/www.google.com\/policies\/privacy\/\" target=\"_blank\"> https:\/\/www.google.com\/policies\/privacy\/<\/a>. Hinweise zu Ihren Opt-Out-M\u00f6glichkeiten finden Sie unter <a href=\"https:\/\/adssettings.google.com\/authenticated\" target=\"_blank\">https:\/\/adssettings.google.com\/authenticated<\/a>.<\/p>\n<h3>Weitergabe Ihrer Daten an Dritte<\/h3>\n<p>Eine Weitergabe Ihrer Daten an Dritte erfolgt nur, soweit dies nach europ\u00e4ischem Datenschutzrecht zul\u00e4ssig oder vorgeschrieben ist. Dies ist zum einen der Fall, wenn Sie ausdr\u00fccklich in die Weitergabe Ihrer Daten eingewilligt haben und\/oder die Weitergabe zur Vertragsdurchf\u00fchrung erforderlich ist. Eine Weitergabe Ihrer Daten ist datenschutzrechtlich ferner dann zul\u00e4ssig, wenn die Durchsetzung von Regelungen anderer Gesetze (z.B. strafrechtliche Regelungen) die Weitergabe einfordern und dieser Weitergabe aus datenschutzrechtlicher Sicht nichts entgegen steht. Ebenfalls rechtens ist die Weitergabe Ihrer Daten dann, wenn unsererseits ein berechtigtes Interesse an der Weitergabe der entsprechenden Informationen besteht (etwa bei einer Auftragsvergabe an Dritte, beim Einsatz eines Beauftragten oder gegen\u00fcber einem Webhoster). Die Weitergabe Ihrer Daten im Rahmen eines Auftragsverarbeitungsvertrages erfolgt ausschlie\u00dflich auf Grundlage des Art. 28 DSGVO.<\/p>\n<h3>Ihre Rechte als betroffene Person<\/h3>\n<p>An dieser Stelle erhalten Sie einen kurzen \u00dcberblick \u00fcber die Datenschutzrechte, die Sie der Betreiberin dieser Website gegen\u00fcber aus\u00fcben k\u00f6nnen.<\/p>\n<p><strong>Auskunftsrecht \/ Berichtigungsrecht<\/strong><\/p>\n<p>Sie haben das Recht, jederzeit Auskunft \u00fcber Ihre bei der Betreiberin gespeicherten personenbezogenen Daten zu erhalten oder Kopien dieser Daten anzufordern. Bitte schicken Sie hierzu eine E-Mail\u00a0an <a href=\"mailto:mail@plusbk-architektur.de\">mail@plusbk-architektur.de<\/a>. Die Betreiberin darf ausschlie\u00dflich zutreffende Daten zu Ihrer Person verarbeiten. Falls Sie \u2013 zum Beispiel durch Wahrnehmung Ihres Auskunftsrechts \u2013 feststellen sollten, dass ein Datum \u00fcber Sie unzutreffend oder unvollst\u00e4ndig ist bzw. unzutreffend\/unvollst\u00e4ndig geworden ist, ist die Betreiberin grunds\u00e4tzlich verpflichtet, es umgehend zu korrigieren.<\/p>\n<p><strong>L\u00f6schungsrecht \/ Sperrungsrecht<\/strong><\/p>\n<p>Ihre Daten werden nur zu den in dieser Datenschutzerkl\u00e4rung genannten Zwecken verarbeitet. Diese Daten werden zun\u00e4chst grunds\u00e4tzlich nur zur Abwicklung der von Ihnen gew\u00fcnschten Datenverarbeitung (z.B. Bearbeitung Ihrer Nachricht, Pr\u00fcfung Ihres Anliegens) ben\u00f6tigt. In einigen F\u00e4llen ist die Betreiberin ggf. gesetzlich verpflichtet, Ihre Daten f\u00fcr einen bestimmten Zeitraum aufzubewahren. Sofern Ihre Daten w\u00e4hrend dieses Zeitraums nicht ben\u00f6tigt werden, werden sie gesperrt oder ihre Verarbeitung eingeschr\u00e4nkt. Sie haben allerdings das Recht, die sofortige L\u00f6schung Ihrer Daten zu verlangen oder aber eine Einschr\u00e4nkung der Verarbeitung Ihrer Daten einzufordern. Au\u00dferdem haben Sie das Recht, die von uns \u00fcber Sie gespeicherten Daten vor ihrer L\u00f6schung sich selbst oder einem anderen Verantwortlichen \u00fcbermitteln zu lassen.<\/p>\n<p><strong>Widerspruchsrecht \/ Widerrufsrecht<\/strong><\/p>\n<p>Soweit Ihnen hinsichtlich der in dieser Datenschutzerkl\u00e4rung beschriebenen Datenverarbeitungen ein gesetzliches Widerspruchsrecht zusteht, werden Sie an der entsprechenden Stelle darauf hingewiesen. Sie haben an den entsprechenden Stellen auch die M\u00f6glichkeit, Ihren Widerspruch auszu\u00fcben. Dar\u00fcber hinaus haben Sie das Recht, bereits erteilte Einwilligungen zur Erfassung oder Verarbeitung Ihrer Daten mit Wirkung f\u00fcr die Zukunft zu widerrufen oder der k\u00fcnftigen Erfassung und Verarbeitung Ihrer personenbezogenen Daten bereits im Vorfeld jederzeit zu widersprechen. Dieser Widerspruch kann insbesondere dann erfolgen, wenn die Verarbeitung Ihrer Daten dem Zweck der Direktwerbung dient.<\/p>\n<h3>\u00c4nderung der Datenschutzhinweise<\/h3>\n<p>Die Betreiberin dieser Website beh\u00e4lt sich vor, Teile dieser Datenschutzerkl\u00e4rung gelegentlich anzupassen, damit sie stets den aktuellen rechtlichen Anforderungen entsprechen oder um \u00c4nderungen ihrer Services in der Datenschutzerkl\u00e4rung umzusetzen. F\u00fcr Ihren erneuten Besuch gilt dann die neue Datenschutzerkl\u00e4rung. Soweit f\u00fcr die Einf\u00fchrung eines neuen Services Ihre vorherige Zustimmung erforderlich ist, werden Sie rechtzeitig entsprechend informiert und um Ihre Einwilligung gebeten. Diese Datenschutzerkl\u00e4rung datiert auf den 25.05.2018.<\/p>\n","protected":false},"excerpt":{"rendered":"<p>Allgemeines Die folgenden Datenschutzhinweise kl\u00e4ren Sie \u00fcber die Erhebung und Verarbeitung Ihrer personenbezogenen Daten bei der Nutzung dieser Website auf. Diese Datenschutzhinweise gehen dabei auch auf die Erhebung und Verarbeitung Ihrer Daten auf externen Websites oder Onlinediensten ein, die mit dieser Website verbunden sind (z.B. unsere Social Media-Seiten). Die Definitionen und Beschreibungen der Datenerhebung und [&hellip;]<\/p>\n","protected":false},"author":2,"featured_media":0,"parent":139,"menu_order":0,"comment_status":"closed","ping_status":"closed","template":"page_kontakt.php","meta":{"footnotes":""},"_links":{"self":[{"href":"https:\/\/plusbk-architektur.de\/de\/wp-json\/wp\/v2\/pages\/414"}],"collection":[{"href":"https:\/\/plusbk-architektur.de\/de\/wp-json\/wp\/v2\/pages"}],"about":[{"href":"https:\/\/plusbk-architektur.de\/de\/wp-json\/wp\/v2\/types\/page"}],"author":[{"embeddable":true,"href":"https:\/\/plusbk-architektur.de\/de\/wp-json\/wp\/v2\/users\/2"}],"replies":[{"embeddable":true,"href":"https:\/\/plusbk-architektur.de\/de\/wp-json\/wp\/v2\/comments?post=414"}],"version-history":[{"count":3,"href":"https:\/\/plusbk-architektur.de\/de\/wp-json\/wp\/v2\/pages\/414\/revisions"}],"predecessor-version":[{"id":475,"href":"https:\/\/plusbk-architektur.de\/de\/wp-json\/wp\/v2\/pages\/414\/revisions\/475"}],"up":[{"embeddable":true,"href":"https:\/\/plusbk-architektur.de\/de\/wp-json\/wp\/v2\/pages\/139"}],"wp:attachment":[{"href":"https:\/\/plusbk-architektur.de\/de\/wp-json\/wp\/v2\/media?parent=414"}],"curies":[{"name":"wp","href":"https:\/\/api.w.org\/{rel}","templated":true}]}}