{"id":97,"date":"2018-11-28T14:16:20","date_gmt":"2018-11-28T13:16:20","guid":{"rendered":"https:\/\/plusbk-architektur.de\/de\/?page_id=97"},"modified":"2018-11-29T16:32:23","modified_gmt":"2018-11-29T15:32:23","slug":"beate-kalus","status":"publish","type":"page","link":"https:\/\/plusbk-architektur.de\/de\/profil\/beate-kalus\/","title":{"rendered":"Beate Kalus \/\/ VITA"},"content":{"rendered":"<ul>\n<li>2006 Gr\u00fcndung +BK ARCHITEKTUR<\/li>\n<li>seit 10\/2006 Mitglied (Nr. 12145) der Berliner Architektenkammer<\/li>\n<li>2004 Diplom der Architektur an der Universit\u00e4t der K\u00fcnste (UdK) in Berlin<\/li>\n<li>2000-2004 Architekturstudium an der Universit\u00e4t der K\u00fcnste (UdK) in Berlin<\/li>\n<li>Architekturstudium BTU Cottbus<\/li>\n<\/ul>\n","protected":false},"excerpt":{"rendered":"<p>2006 Gr\u00fcndung +BK ARCHITEKTUR seit 10\/2006 Mitglied (Nr. 12145) der Berliner Architektenkammer 2004 Diplom der Architektur an der Universit\u00e4t der K\u00fcnste (UdK) in Berlin 2000-2004 Architekturstudium an der Universit\u00e4t der K\u00fcnste (UdK) in Berlin Architekturstudium BTU Cottbus<\/p>\n","protected":false},"author":2,"featured_media":115,"parent":26,"menu_order":0,"comment_status":"open","ping_status":"open","template":"page_profil.php","meta":{"footnotes":""},"_links":{"self":[{"href":"https:\/\/plusbk-architektur.de\/de\/wp-json\/wp\/v2\/pages\/97"}],"collection":[{"href":"https:\/\/plusbk-architektur.de\/de\/wp-json\/wp\/v2\/pages"}],"about":[{"href":"https:\/\/plusbk-architektur.de\/de\/wp-json\/wp\/v2\/types\/page"}],"author":[{"embeddable":true,"href":"https:\/\/plusbk-architektur.de\/de\/wp-json\/wp\/v2\/users\/2"}],"replies":[{"embeddable":true,"href":"https:\/\/plusbk-architektur.de\/de\/wp-json\/wp\/v2\/comments?post=97"}],"version-history":[{"count":0,"href":"https:\/\/plusbk-architektur.de\/de\/wp-json\/wp\/v2\/pages\/97\/revisions"}],"up":[{"embeddable":true,"href":"https:\/\/plusbk-architektur.de\/de\/wp-json\/wp\/v2\/pages\/26"}],"wp:featuredmedia":[{"embeddable":true,"href":"https:\/\/plusbk-architektur.de\/de\/wp-json\/wp\/v2\/media\/115"}],"wp:attachment":[{"href":"https:\/\/plusbk-architektur.de\/de\/wp-json\/wp\/v2\/media?parent=97"}],"curies":[{"name":"wp","href":"https:\/\/api.w.org\/{rel}","templated":true}]}}